{"id":14559,"date":"2023-09-17T09:57:26","date_gmt":"2023-09-17T01:57:26","guid":{"rendered":"https:\/\/nacycsolar.com\/datenschutzbestimmungen\/"},"modified":"2023-12-29T23:09:17","modified_gmt":"2023-12-29T15:09:17","slug":"datenschutzbestimmungen","status":"publish","type":"page","link":"https:\/\/nacycsolar.com\/de\/datenschutzbestimmungen\/","title":{"rendered":"Datenschutzbestimmungen"},"content":{"rendered":"\n<p>Zuletzt aktualisiert am 1. Dez. 2023.  <\/p>\n\n<p>NACYC ENERGY (&#8222;uns&#8220;, &#8222;wir&#8220; oder &#8222;unser&#8220;) betreibt die Website wordpress-1163703-4186140.cloudwaysapps.com (den &#8222;Dienst&#8220;).<\/p>\n\n<p>Diese Seite informiert Sie \u00fcber unsere Richtlinien bez\u00fcglich der Erfassung, Verwendung und Weitergabe pers\u00f6nlicher Daten, wenn Sie unseren Service nutzen, sowie \u00fcber die Wahlm\u00f6glichkeiten, die Sie im Zusammenhang mit diesen Daten haben. Wir verwenden Ihre Daten zur Bereitstellung und Verbesserung des Dienstes. Durch die Nutzung des Dienstes erkl\u00e4ren Sie sich mit der Erfassung und Verwendung von Informationen in \u00dcbereinstimmung mit dieser Richtlinie einverstanden.<\/p>\n\n<h2 class=\"wp-block-heading\" id=\"h-information-collection-and-use\">Sammlung und Verwendung von Informationen<\/h2>\n\n<p>Wir sammeln verschiedene Arten von Informationen zu unterschiedlichen Zwecken, um unseren Service f\u00fcr Sie bereitzustellen und zu verbessern.<\/p>\n\n<h3 class=\"wp-block-heading\" id=\"h-types-of-data-collected\">Arten von gesammelten Daten<\/h3>\n\n<h4 class=\"wp-block-heading\" id=\"h-personal-data\">Pers\u00f6nliche Daten<\/h4>\n\n<p>Bei der Nutzung unseres Dienstes k\u00f6nnen wir Sie bitten, uns bestimmte personenbezogene Daten mitzuteilen, die dazu verwendet werden k\u00f6nnen, Sie zu kontaktieren oder zu identifizieren (&#8222;personenbezogene Daten&#8220;). Pers\u00f6nlich identifizierbare Informationen k\u00f6nnen unter anderem sein:<\/p>\n\n<ul class=\"wp-block-list\">\n<li>E-Mail Adresse<\/li>\n\n\n\n<li>Vorname und Nachname<\/li>\n\n\n\n<li>Rufnummer<\/li>\n\n\n\n<li>Adresse, Bundesland, Provinz, Postleitzahl, Ort<\/li>\n\n\n\n<li>Cookies und Nutzungsdaten<\/li>\n<\/ul>\n\n<h4 class=\"wp-block-heading\" id=\"h-usage-data\">Verwendungsdaten<\/h4>\n\n<p>Wir k\u00f6nnen auch Informationen dar\u00fcber sammeln, wie auf den Dienst zugegriffen wird und wie er genutzt wird (&#8222;Nutzungsdaten&#8220;). Diese Nutzungsdaten k\u00f6nnen Informationen wie die Internetprotokolladresse Ihres Computers (z. B. IP-Adresse), den Browsertyp, die Browserversion, die von Ihnen besuchten Seiten unseres Dienstes, die Uhrzeit und das Datum Ihres Besuchs, die auf diesen Seiten verbrachte Zeit, eindeutige Ger\u00e4tekennungen und andere Diagnosedaten enthalten.<\/p>\n\n<h4 class=\"wp-block-heading\" id=\"h-tracking-amp-cookies-data\">Tracking &amp; Cookies Daten<\/h4>\n\n<p>Wir verwenden Cookies und \u00e4hnliche Tracking-Technologien, um die Aktivit\u00e4ten in unserem Service zu verfolgen und bestimmte Informationen zu speichern.<\/p>\n\n<p>Cookies sind Dateien mit einer kleinen Menge von Daten, die eine anonyme eindeutige Kennung enthalten k\u00f6nnen. Cookies werden von einer Website an Ihren Browser gesendet und auf Ihrem Ger\u00e4t gespeichert. Als Tracking-Technologien werden auch Beacons, Tags und Skripte verwendet, um Informationen zu sammeln und zu verfolgen und um unseren Service zu verbessern und zu analysieren.<\/p>\n\n<p>Sie k\u00f6nnen Ihren Browser so einstellen, dass er alle Cookies ablehnt oder anzeigt, wenn ein Cookie gesendet wird. Wenn Sie jedoch keine Cookies akzeptieren, k\u00f6nnen Sie m\u00f6glicherweise einige Teile unseres Dienstes nicht nutzen.<\/p>\n\n<h3 class=\"wp-block-heading\" id=\"h-use-of-data\">Verwendung von Daten<\/h3>\n\n<p>NACYC ENERGY verwendet die erhobenen Daten f\u00fcr verschiedene Zwecke:<\/p>\n\n<ul class=\"wp-block-list\">\n<li>Zur Bereitstellung und Aufrechterhaltung des Dienstes<\/li>\n\n\n\n<li>Um Sie \u00fcber \u00c4nderungen an unserem Service zu informieren<\/li>\n\n\n\n<li>Um Ihnen die Teilnahme an interaktiven Funktionen unseres Dienstes zu erm\u00f6glichen, wenn Sie dies w\u00fcnschen<\/li>\n\n\n\n<li>Kundenbetreuung und -unterst\u00fctzung<\/li>\n\n\n\n<li>Um Analysen oder wertvolle Informationen zu liefern, damit wir den Service verbessern k\u00f6nnen<\/li>\n\n\n\n<li>Um die Nutzung des Dienstes zu \u00fcberwachen<\/li>\n\n\n\n<li>Erkennen, Vorbeugen und Beheben technischer Probleme<\/li>\n<\/ul>\n\n<h3 class=\"wp-block-heading\" id=\"h-transfer-of-data\">\u00dcbermittlung von Daten<\/h3>\n\n<p>Ihre Informationen, einschlie\u00dflich personenbezogener Daten, k\u00f6nnen an Computer au\u00dferhalb Ihres Staates, Ihrer Provinz, Ihres Landes oder anderer staatlicher Zust\u00e4ndigkeitsbereiche, in denen andere Datenschutzgesetze als in Ihrem Zust\u00e4ndigkeitsbereich gelten, \u00fcbertragen und dort gespeichert werden.<\/p>\n\n<p>Mit Ihrer Zustimmung zu dieser Datenschutzrichtlinie und der anschlie\u00dfenden \u00dcbermittlung solcher Daten erkl\u00e4ren Sie sich mit dieser \u00dcbertragung einverstanden.<\/p>\n\n<p>NACYC ENERGY wird alle angemessenen Ma\u00dfnahmen ergreifen, um sicherzustellen, dass Ihre Daten sicher und in \u00dcbereinstimmung mit dieser Datenschutzrichtlinie behandelt werden, und es wird keine \u00dcbermittlung Ihrer pers\u00f6nlichen Daten an eine Organisation oder ein Land erfolgen, es sei denn, es sind angemessene Kontrollen vorhanden, die die Sicherheit Ihrer Daten und anderer pers\u00f6nlicher Informationen einschlie\u00dfen.<\/p>\n\n<h3 class=\"wp-block-heading\" id=\"h-disclosure-of-data\">Offenlegung von Daten<\/h3>\n\n<h4 class=\"wp-block-heading\" id=\"h-legal-requirements\">Rechtliche Anforderungen<\/h4>\n\n<p>NACYC ENERGY kann Ihre pers\u00f6nlichen Daten in dem guten Glauben offenlegen, dass eine solche Ma\u00dfnahme notwendig ist, um:<\/p>\n\n<ul class=\"wp-block-list\">\n<li>Um einer gesetzlichen Verpflichtung nachzukommen<\/li>\n\n\n\n<li>zum Schutz und zur Verteidigung der Rechte und des Eigentums von NACYC ENERGY<\/li>\n\n\n\n<li>Um m\u00f6gliches Fehlverhalten im Zusammenhang mit dem Dienst zu verhindern oder zu untersuchen<\/li>\n\n\n\n<li>Zum Schutz der pers\u00f6nlichen Sicherheit von Nutzern des Dienstes oder der \u00d6ffentlichkeit<\/li>\n\n\n\n<li>Zum Schutz vor rechtlicher Haftung<\/li>\n<\/ul>\n\n<h3 class=\"wp-block-heading\" id=\"h-security-of-data\">Sicherheit der Daten<\/h3>\n\n<p>Die Sicherheit Ihrer Daten ist uns wichtig, aber denken Sie daran, dass keine Methode der \u00dcbertragung \u00fcber das Internet oder der elektronischen Speicherung 100% sicher ist. Obwohl wir uns bem\u00fchen, Ihre pers\u00f6nlichen Daten mit wirtschaftlich vertretbaren Mitteln zu sch\u00fctzen, k\u00f6nnen wir ihre absolute Sicherheit nicht garantieren.<\/p>\n\n<h3 class=\"wp-block-heading\" id=\"h-service-providers\">Anbieter von Dienstleistungen<\/h3>\n\n<p>Wir k\u00f6nnen Drittunternehmen und Einzelpersonen damit beauftragen, unseren Dienst zu erleichtern (&#8222;Dienstanbieter&#8220;), den Dienst in unserem Namen bereitzustellen, dienstbezogene Dienste zu erbringen oder uns bei der Analyse der Nutzung unseres Dienstes zu unterst\u00fctzen.<\/p>\n\n<p>Diese Dritten haben nur Zugang zu Ihren pers\u00f6nlichen Daten, um diese Aufgaben in unserem Auftrag zu erf\u00fcllen, und sind verpflichtet, sie nicht weiterzugeben oder f\u00fcr andere Zwecke zu verwenden.<\/p>\n\n<h3 class=\"wp-block-heading\" id=\"h-links-to-other-sites\">Links zu anderen Seiten<\/h3>\n\n<p>Unser Service kann Links zu anderen Websites enthalten, die nicht von uns betrieben werden. Wenn Sie auf einen Link eines Dritten klicken, werden Sie auf die Website dieses Dritten weitergeleitet. Wir empfehlen Ihnen dringend, die Datenschutzrichtlinien jeder Website, die Sie besuchen, zu lesen.<\/p>\n\n<p>Wir haben keine Kontrolle \u00fcber und \u00fcbernehmen keine Verantwortung f\u00fcr den Inhalt, die Datenschutzrichtlinien oder Praktiken von Websites oder Diensten Dritter.<\/p>\n\n<h3 class=\"wp-block-heading\" id=\"h-children-s-privacy\">Datenschutz f\u00fcr Kinder<\/h3>\n\n<p>Unser Service richtet sich nicht an Personen unter 18 Jahren (&#8222;Kinder&#8220;).<\/p>\n\n<p>Wir sammeln nicht wissentlich pers\u00f6nlich identifizierbare Informationen von Personen unter 18 Jahren. Wenn Sie ein Elternteil oder Erziehungsberechtigter sind und wissen, dass Ihr Kind uns personenbezogene Daten zur Verf\u00fcgung gestellt hat, kontaktieren Sie uns bitte. Wenn wir feststellen, dass wir personenbezogene Daten von Kindern ohne \u00dcberpr\u00fcfung der elterlichen Zustimmung erfasst haben, ergreifen wir Ma\u00dfnahmen, um diese Informationen von unseren Servern zu entfernen.<\/p>\n\n<h3 class=\"wp-block-heading\" id=\"h-changes-to-this-privacy-policy\">\u00c4nderungen an dieser Datenschutzrichtlinie<\/h3>\n\n<p>Wir k\u00f6nnen unsere Datenschutzrichtlinie von Zeit zu Zeit aktualisieren. Wir werden Sie \u00fcber alle \u00c4nderungen informieren, indem wir die neue Datenschutzrichtlinie auf dieser Seite ver\u00f6ffentlichen.<\/p>\n\n<p>Wir informieren Sie per E-Mail und\/oder durch einen auff\u00e4lligen Hinweis in unserem Service, bevor die \u00c4nderung in Kraft tritt, und aktualisieren das &#8222;Datum des Inkrafttretens&#8220; oben in dieser Datenschutzrichtlinie.<\/p>\n\n<p>Wir empfehlen Ihnen, diese Datenschutzrichtlinie regelm\u00e4\u00dfig auf \u00c4nderungen zu \u00fcberpr\u00fcfen. \u00c4nderungen an dieser Datenschutzrichtlinie treten in Kraft, wenn sie auf dieser Seite ver\u00f6ffentlicht werden.<\/p>\n\n<h3 class=\"wp-block-heading\" id=\"h-contact-us\">Kontakt<\/h3>\n\n<p>Wenn Sie Fragen zu dieser Datenschutzrichtlinie haben, wenden Sie sich bitte an uns:<\/p>\n\n<ul class=\"wp-block-list\">\n<li>Per E-Mail: sales@nacycenergy.com<\/li>\n\n\n\n<li>Besuchen Sie diese Seite auf unserer Website: <a href=\"https:\/\/nacycsolar.com\/de\/kontakt\/\">https:\/\/nacycsolar.com\/contact\/<\/a><\/li>\n<\/ul>\n","protected":false},"excerpt":{"rendered":"<p>Zuletzt aktualisiert am 1. Dez. 2023. NACYC ENERGY (&#8222;uns&#8220;, &#8222;wir&#8220; oder &#8222;unser&#8220;) betreibt die Website wordpress-1163703-4186140.cloudwaysapps.com (den &#8222;Dienst&#8220;). Diese Seite informiert Sie \u00fcber unsere Richtlinien bez\u00fcglich der Erfassung, Verwendung und Weitergabe pers\u00f6nlicher Daten, wenn Sie unseren Service nutzen, sowie \u00fcber die Wahlm\u00f6glichkeiten, die Sie im Zusammenhang mit diesen Daten haben. [&hellip;]<\/p>\n","protected":false},"author":1,"featured_media":0,"parent":0,"menu_order":0,"comment_status":"closed","ping_status":"open","template":"","meta":{"site-sidebar-layout":"default","site-content-layout":"","ast-site-content-layout":"","site-content-style":"default","site-sidebar-style":"default","ast-global-header-display":"","ast-banner-title-visibility":"","ast-main-header-display":"","ast-hfb-above-header-display":"","ast-hfb-below-header-display":"","ast-hfb-mobile-header-display":"","site-post-title":"","ast-breadcrumbs-content":"","ast-featured-img":"","footer-sml-layout":"","theme-transparent-header-meta":"","adv-header-id-meta":"","stick-header-meta":"","header-above-stick-meta":"","header-main-stick-meta":"","header-below-stick-meta":"","astra-migrate-meta-layouts":"default","ast-page-background-enabled":"default","ast-page-background-meta":{"desktop":{"background-color":"","background-image":"","background-repeat":"repeat","background-position":"center center","background-size":"auto","background-attachment":"scroll","background-type":"","background-media":"","overlay-type":"","overlay-color":"","overlay-gradient":""},"tablet":{"background-color":"","background-image":"","background-repeat":"repeat","background-position":"center center","background-size":"auto","background-attachment":"scroll","background-type":"","background-media":"","overlay-type":"","overlay-color":"","overlay-gradient":""},"mobile":{"background-color":"","background-image":"","background-repeat":"repeat","background-position":"center center","background-size":"auto","background-attachment":"scroll","background-type":"","background-media":"","overlay-type":"","overlay-color":"","overlay-gradient":""}},"ast-content-background-meta":{"desktop":{"background-color":"var(--ast-global-color-5)","background-image":"","background-repeat":"repeat","background-position":"center center","background-size":"auto","background-attachment":"scroll","background-type":"","background-media":"","overlay-type":"","overlay-color":"","overlay-gradient":""},"tablet":{"background-color":"var(--ast-global-color-5)","background-image":"","background-repeat":"repeat","background-position":"center center","background-size":"auto","background-attachment":"scroll","background-type":"","background-media":"","overlay-type":"","overlay-color":"","overlay-gradient":""},"mobile":{"background-color":"var(--ast-global-color-5)","background-image":"","background-repeat":"repeat","background-position":"center center","background-size":"auto","background-attachment":"scroll","background-type":"","background-media":"","overlay-type":"","overlay-color":"","overlay-gradient":""}},"footnotes":""},"class_list":["post-14559","page","type-page","status-publish","hentry"],"acf":[],"_links":{"self":[{"href":"https:\/\/nacycsolar.com\/de\/wp-json\/wp\/v2\/pages\/14559"}],"collection":[{"href":"https:\/\/nacycsolar.com\/de\/wp-json\/wp\/v2\/pages"}],"about":[{"href":"https:\/\/nacycsolar.com\/de\/wp-json\/wp\/v2\/types\/page"}],"author":[{"embeddable":true,"href":"https:\/\/nacycsolar.com\/de\/wp-json\/wp\/v2\/users\/1"}],"replies":[{"embeddable":true,"href":"https:\/\/nacycsolar.com\/de\/wp-json\/wp\/v2\/comments?post=14559"}],"version-history":[{"count":1,"href":"https:\/\/nacycsolar.com\/de\/wp-json\/wp\/v2\/pages\/14559\/revisions"}],"predecessor-version":[{"id":14561,"href":"https:\/\/nacycsolar.com\/de\/wp-json\/wp\/v2\/pages\/14559\/revisions\/14561"}],"wp:attachment":[{"href":"https:\/\/nacycsolar.com\/de\/wp-json\/wp\/v2\/media?parent=14559"}],"curies":[{"name":"wp","href":"https:\/\/api.w.org\/{rel}","templated":true}]}}